{"id":8,"date":"2022-08-18T15:38:13","date_gmt":"2022-08-18T13:38:13","guid":{"rendered":"https:\/\/crossnet.potres.hr\/?page_id=8"},"modified":"2026-01-09T09:38:05","modified_gmt":"2026-01-09T08:38:05","slug":"home","status":"publish","type":"page","link":"https:\/\/crossnet.potres.hr\/index.php\/en\/home\/","title":{"rendered":"Objective"},"content":{"rendered":"\t\t<div data-elementor-type=\"wp-page\" data-elementor-id=\"8\" class=\"elementor elementor-8\">\n\t\t\t\t\t\t<section class=\"elementor-section elementor-top-section elementor-element elementor-element-6704af44 elementor-section-boxed elementor-section-height-default elementor-section-height-default\" data-id=\"6704af44\" data-element_type=\"section\" data-e-type=\"section\">\n\t\t\t\t\t\t<div class=\"elementor-container elementor-column-gap-default\">\n\t\t\t\t\t<div class=\"elementor-column elementor-col-100 elementor-top-column elementor-element elementor-element-43cf86c4\" data-id=\"43cf86c4\" data-element_type=\"column\" data-e-type=\"column\">\n\t\t\t<div class=\"elementor-widget-wrap elementor-element-populated\">\n\t\t\t\t\t\t<div class=\"elementor-element elementor-element-2b71c368 elementor-widget elementor-widget-wpzoom-elementor-addons-slider\" data-id=\"2b71c368\" data-element_type=\"widget\" data-e-type=\"widget\" data-settings=\"{&quot;animation_speed&quot;:400,&quot;autoplay_speed&quot;:4000,&quot;autoplay&quot;:&quot;yes&quot;,&quot;loop&quot;:&quot;yes&quot;,&quot;slides_to_show&quot;:1,&quot;slides_to_show_tablet&quot;:1,&quot;slides_to_show_mobile&quot;:1,&quot;navigation&quot;:&quot;arrow&quot;}\" data-widget_type=\"wpzoom-elementor-addons-slider.default\">\n\t\t\t\t<div class=\"elementor-widget-container\">\n\t\t\t\t\t<div class=\"wpzjs-slick wpz-slick wpz-slick--slider\">\n\n\t\t\t\n\t\t\t\t<div class=\"wpz-slick-slide\">\n\n\t\t\t\t\t<div class=\"wpz-slick-item\">\n\n\t\t\t\t\t\t\t\t\t\t\t\t\t<img decoding=\"async\" class=\"wpz-slick-img\" src=\"https:\/\/crossnet.potres.hr\/wp-content\/uploads\/2025\/05\/shared-image-35_2-1.jpg\" alt=\"\">\n\t\t\t\t\t\t\n\t\t\t\t\t\t\n\t\t\t\t\t\t\n\t\t\t\t\t<\/div>\n\n\t\t\t\t<\/div>\n\n\t\t\t\n\t\t\t\t<div class=\"wpz-slick-slide\">\n\n\t\t\t\t\t<div class=\"wpz-slick-item\">\n\n\t\t\t\t\t\t\t\t\t\t\t\t\t<img decoding=\"async\" class=\"wpz-slick-img\" src=\"https:\/\/crossnet.potres.hr\/wp-content\/uploads\/2023\/05\/IMG_0417-1-scaled-e1699964836219-1536x873.jpg\" alt=\"\">\n\t\t\t\t\t\t\n\t\t\t\t\t\t\n\t\t\t\t\t\t\n\t\t\t\t\t<\/div>\n\n\t\t\t\t<\/div>\n\n\t\t\t\n\t\t\t\t<div class=\"wpz-slick-slide\">\n\n\t\t\t\t\t<div class=\"wpz-slick-item\">\n\n\t\t\t\t\t\t\t\t\t\t\t\t\t<img decoding=\"async\" class=\"wpz-slick-img\" src=\"https:\/\/crossnet.potres.hr\/wp-content\/uploads\/2025\/05\/DJI_0551-1-scaled-1536x864.jpg\" alt=\"\">\n\t\t\t\t\t\t\n\t\t\t\t\t\t\n\t\t\t\t\t\t\n\t\t\t\t\t<\/div>\n\n\t\t\t\t<\/div>\n\n\t\t\t\n\t\t\t\t<div class=\"wpz-slick-slide\">\n\n\t\t\t\t\t<div class=\"wpz-slick-item\">\n\n\t\t\t\t\t\t\t\t\t\t\t\t\t<img decoding=\"async\" class=\"wpz-slick-img\" src=\"https:\/\/crossnet.potres.hr\/wp-content\/uploads\/2024\/11\/232_cut-scaled-1536x884.jpg\" alt=\"\">\n\t\t\t\t\t\t\n\t\t\t\t\t\t\n\t\t\t\t\t\t\n\t\t\t\t\t<\/div>\n\n\t\t\t\t<\/div>\n\n\t\t\t\n\t\t\t\t<div class=\"wpz-slick-slide\">\n\n\t\t\t\t\t<div class=\"wpz-slick-item\">\n\n\t\t\t\t\t\t\t\t\t\t\t\t\t<img decoding=\"async\" class=\"wpz-slick-img\" src=\"https:\/\/crossnet.potres.hr\/wp-content\/uploads\/2025\/05\/shared-image-43_2-1536x864.jpg\" alt=\"\">\n\t\t\t\t\t\t\n\t\t\t\t\t\t\n\t\t\t\t\t\t\n\t\t\t\t\t<\/div>\n\n\t\t\t\t<\/div>\n\n\t\t\t\n\t\t\t\t<div class=\"wpz-slick-slide\">\n\n\t\t\t\t\t<div class=\"wpz-slick-item\">\n\n\t\t\t\t\t\t\t\t\t\t\t\t\t<img decoding=\"async\" class=\"wpz-slick-img\" src=\"https:\/\/crossnet.potres.hr\/wp-content\/uploads\/2024\/06\/IMG_1833-scaled-1536x1024.jpg\" alt=\"\">\n\t\t\t\t\t\t\n\t\t\t\t\t\t\n\t\t\t\t\t\t\n\t\t\t\t\t<\/div>\n\n\t\t\t\t<\/div>\n\n\t\t\t\n\t\t\t\t<div class=\"wpz-slick-slide\">\n\n\t\t\t\t\t<div class=\"wpz-slick-item\">\n\n\t\t\t\t\t\t\t\t\t\t\t\t\t<img decoding=\"async\" class=\"wpz-slick-img\" src=\"https:\/\/crossnet.potres.hr\/wp-content\/uploads\/2024\/06\/PANO0015-scaled-1536x910.jpg\" alt=\"\">\n\t\t\t\t\t\t\n\t\t\t\t\t\t\n\t\t\t\t\t\t\n\t\t\t\t\t<\/div>\n\n\t\t\t\t<\/div>\n\n\t\t\t\n\t\t\t\t<div class=\"wpz-slick-slide\">\n\n\t\t\t\t\t<div class=\"wpz-slick-item\">\n\n\t\t\t\t\t\t\t\t\t\t\t\t\t<img decoding=\"async\" class=\"wpz-slick-img\" src=\"https:\/\/crossnet.potres.hr\/wp-content\/uploads\/2024\/11\/DJI_0179-scaled-1536x864.jpg\" alt=\"\">\n\t\t\t\t\t\t\n\t\t\t\t\t\t\n\t\t\t\t\t\t\n\t\t\t\t\t<\/div>\n\n\t\t\t\t<\/div>\n\n\t\t\t\n\t\t\t\t<div class=\"wpz-slick-slide\">\n\n\t\t\t\t\t<div class=\"wpz-slick-item\">\n\n\t\t\t\t\t\t\t\t\t\t\t\t\t<img decoding=\"async\" class=\"wpz-slick-img\" src=\"https:\/\/crossnet.potres.hr\/wp-content\/uploads\/2024\/11\/DJI_0226-2-scaled-1536x864.jpg\" alt=\"\">\n\t\t\t\t\t\t\n\t\t\t\t\t\t\n\t\t\t\t\t\t\n\t\t\t\t\t<\/div>\n\n\t\t\t\t<\/div>\n\n\t\t\t\n\t\t\t\t<div class=\"wpz-slick-slide\">\n\n\t\t\t\t\t<div class=\"wpz-slick-item\">\n\n\t\t\t\t\t\t\t\t\t\t\t\t\t<img decoding=\"async\" class=\"wpz-slick-img\" src=\"https:\/\/crossnet.potres.hr\/wp-content\/uploads\/2025\/05\/IMG_9498-1-1536x1152.jpeg\" alt=\"\">\n\t\t\t\t\t\t\n\t\t\t\t\t\t\n\t\t\t\t\t\t\n\t\t\t\t\t<\/div>\n\n\t\t\t\t<\/div>\n\n\t\t\t\n\t\t<\/div>\n\n\t\t\t\t\t<button type=\"button\" class=\"slick-prev\"><i aria-hidden=\"true\" class=\"fas fa-chevron-left\"><\/i><\/button>\n\t\t\n\t\t\t\t\t<button type=\"button\" class=\"slick-next\"><i aria-hidden=\"true\" class=\"fas fa-chevron-right\"><\/i><\/button>\n\t\t\n\t\t\t\t\t\t<\/div>\n\t\t\t\t<\/div>\n\t\t\t\t<div class=\"elementor-element elementor-element-7eabe4ae elementor-widget elementor-widget-heading\" data-id=\"7eabe4ae\" data-element_type=\"widget\" data-e-type=\"widget\" data-widget_type=\"heading.default\">\n\t\t\t\t<div class=\"elementor-widget-container\">\n\t\t\t\t\t<h1 class=\"elementor-heading-title elementor-size-xl\">Objective<\/h1>\t\t\t\t<\/div>\n\t\t\t\t<\/div>\n\t\t\t\t<div class=\"elementor-element elementor-element-34c05eab elementor-widget elementor-widget-text-editor\" data-id=\"34c05eab\" data-element_type=\"widget\" data-e-type=\"widget\" data-widget_type=\"text-editor.default\">\n\t\t\t\t<div class=\"elementor-widget-container\">\n\t\t\t\t\t\t\t\t\t<p class=\"has-text-align-center has-medium-font-size\" style=\"text-align: justify;\">The CROSSNET project, titled &#8220;Development of a network of seismological data&#8221;, has started to be implemented by the Croatian Seismological Survey (CSS) with the objective to improve and expand the existing network of seismological stations in the Republic of Croatia. The new network of seismological stations will enable the collection of more accurate data for registering and locating earthquakes, informing authorities and the public about felt earthquakes, as well as for scientific purposes, seismic hazard zoning, and for the needs of spatial planning and construction.<\/p>\n<p><!-- \/wp:separator --><!-- wp:image {\"align\":\"wide\",\"id\":200,\"sizeSlug\":\"large\",\"linkDestination\":\"none\"} --><\/p>\n<figure class=\"wp-block-image alignwide size-large\"><\/figure>\n<p><!-- \/wp:image --><\/p>\t\t\t\t\t\t\t\t<\/div>\n\t\t\t\t<\/div>\n\t\t\t\t<div class=\"elementor-element elementor-element-4ab9bd7 elementor-widget elementor-widget-heading\" data-id=\"4ab9bd7\" data-element_type=\"widget\" data-e-type=\"widget\" data-widget_type=\"heading.default\">\n\t\t\t\t<div class=\"elementor-widget-container\">\n\t\t\t\t\t<h2 class=\"elementor-heading-title elementor-size-default\">Interactive map of seismological stations<\/h2>\t\t\t\t<\/div>\n\t\t\t\t<\/div>\n\t\t\t\t<section class=\"elementor-section elementor-inner-section elementor-element elementor-element-8d3edae elementor-section-boxed elementor-section-height-default elementor-section-height-default\" data-id=\"8d3edae\" data-element_type=\"section\" data-e-type=\"section\">\n\t\t\t\t\t\t<div class=\"elementor-container elementor-column-gap-default\">\n\t\t\t\t\t<div class=\"elementor-column elementor-col-50 elementor-inner-column elementor-element elementor-element-01f7604\" data-id=\"01f7604\" data-element_type=\"column\" data-e-type=\"column\">\n\t\t\t<div class=\"elementor-widget-wrap elementor-element-populated\">\n\t\t\t\t\t\t<div class=\"elementor-element elementor-element-c0bff21 elementor-widget elementor-widget-wpzoom-elementor-addons-image-box\" data-id=\"c0bff21\" data-element_type=\"widget\" data-e-type=\"widget\" data-widget_type=\"wpzoom-elementor-addons-image-box.default\">\n\t\t\t\t<div class=\"elementor-widget-container\">\n\t\t\t\t\t\t\t<div class=\"wpzoom-elementor-addons-image-box\">\n\t\t\t<h3>\n\t\t\t\t<a href=\"https:\/\/storymaps.arcgis.com\/stories\/b08f479510844049818d70e46b8f7222\" class=\"wpzoom-elementor-addons-image-box-link is-linked has-image\" style=\"background-image:url('https:\/\/crossnet.potres.hr\/wp-content\/uploads\/2025\/03\/Map_eng_int-2048x1448-1.jpg');\"><span>Map of seismological stations<\/span><\/a>\t\t\t<\/h3>\n\t\t<\/div><!-- \/\/.wpzoom-elementor-addons-image-box -->\n\t\t\t\t\t\t<\/div>\n\t\t\t\t<\/div>\n\t\t\t\t\t<\/div>\n\t\t<\/div>\n\t\t\t\t<div class=\"elementor-column elementor-col-50 elementor-inner-column elementor-element elementor-element-d9e7221\" data-id=\"d9e7221\" data-element_type=\"column\" data-e-type=\"column\">\n\t\t\t<div class=\"elementor-widget-wrap elementor-element-populated\">\n\t\t\t\t\t\t<div class=\"elementor-element elementor-element-c904a63 elementor-widget elementor-widget-wpzoom-elementor-addons-image-box\" data-id=\"c904a63\" data-element_type=\"widget\" data-e-type=\"widget\" data-widget_type=\"wpzoom-elementor-addons-image-box.default\">\n\t\t\t\t<div class=\"elementor-widget-container\">\n\t\t\t\t\t\t\t<div class=\"wpzoom-elementor-addons-image-box\">\n\t\t\t<h3>\n\t\t\t\t<a href=\"https:\/\/storymaps.arcgis.com\/stories\/24c6457ac5bf40ad9fa4a6414ca01bbb\" class=\"wpzoom-elementor-addons-image-box-link is-linked has-image\" style=\"background-image:url('https:\/\/crossnet.potres.hr\/wp-content\/uploads\/2026\/01\/Snimka-zaslona-2026-01-09-093443-1.png');\"><span>Map of  accelerograph stations<\/span><\/a>\t\t\t<\/h3>\n\t\t<\/div><!-- \/\/.wpzoom-elementor-addons-image-box -->\n\t\t\t\t\t\t<\/div>\n\t\t\t\t<\/div>\n\t\t\t\t\t<\/div>\n\t\t<\/div>\n\t\t\t\t\t<\/div>\n\t\t<\/section>\n\t\t\t\t<div class=\"elementor-element elementor-element-3bbb9fa elementor-widget elementor-widget-spacer\" data-id=\"3bbb9fa\" data-element_type=\"widget\" data-e-type=\"widget\" data-widget_type=\"spacer.default\">\n\t\t\t\t<div class=\"elementor-widget-container\">\n\t\t\t\t\t\t\t<div class=\"elementor-spacer\">\n\t\t\t<div class=\"elementor-spacer-inner\"><\/div>\n\t\t<\/div>\n\t\t\t\t\t\t<\/div>\n\t\t\t\t<\/div>\n\t\t\t\t\t<\/div>\n\t\t<\/div>\n\t\t\t\t\t<\/div>\n\t\t<\/section>\n\t\t\t\t<section class=\"elementor-section elementor-top-section elementor-element elementor-element-129e659e elementor-section-boxed elementor-section-height-default elementor-section-height-default\" data-id=\"129e659e\" data-element_type=\"section\" data-e-type=\"section\">\n\t\t\t\t\t\t<div class=\"elementor-container elementor-column-gap-default\">\n\t\t\t\t\t<div class=\"elementor-column elementor-col-100 elementor-top-column elementor-element elementor-element-b654a0b\" data-id=\"b654a0b\" data-element_type=\"column\" data-e-type=\"column\">\n\t\t\t<div class=\"elementor-widget-wrap elementor-element-populated\">\n\t\t\t\t\t\t<div class=\"elementor-element elementor-element-c9a4830 elementor-widget elementor-widget-heading\" data-id=\"c9a4830\" data-element_type=\"widget\" data-e-type=\"widget\" data-widget_type=\"heading.default\">\n\t\t\t\t<div class=\"elementor-widget-container\">\n\t\t\t\t\t<h2 class=\"elementor-heading-title elementor-size-default\">Latest activities<\/h2>\t\t\t\t<\/div>\n\t\t\t\t<\/div>\n\t\t\t\t<div class=\"elementor-element elementor-element-66faca24 elementor-widget__width-initial elementor-grid-3 elementor-grid-tablet-2 elementor-grid-mobile-1 elementor-widget elementor-widget-wpzoom-elementor-addons-posts-grid\" data-id=\"66faca24\" data-element_type=\"widget\" data-e-type=\"widget\" data-settings=\"{&quot;columns&quot;:&quot;3&quot;,&quot;columns_tablet&quot;:&quot;2&quot;,&quot;columns_mobile&quot;:&quot;1&quot;}\" data-widget_type=\"wpzoom-elementor-addons-posts-grid.default\">\n\t\t\t\t<div class=\"elementor-widget-container\">\n\t\t\t\t\t\t\t<div \n\t\t\tclass=\"wpz-grid\" \n\t\t\tdata-uid=\"66faca24\"\n\t\t\tdata-offset=\"6\"\n\t\t\tdata-posts-grid='{\"posts_per_page\":6,\"post_status\":\"publish\",\"paged\":1,\"post__not_in\":[],\"ignore_sticky_posts\":true,\"category_name\":\"\",\"orderby\":\"post_date\",\"order\":\"desc\",\"offset\":6,\"show_image\":\"\",\"post_thumbnail_size\":null,\"show_title\":\"yes\",\"title_tag\":\"h3\",\"meta_data\":[\"date\"],\"show_excerpt\":\"yes\",\"excerpt_length\":25,\"show_read_more\":\"yes\",\"read_more_text\":\"Read More \\u00bb\",\"grid_style\":\"5\",\"total\":75}'>\n\t\t\t\t\t\t<div class=\"wpz-grid-container elementor-grid wpz-grid-desktop-3  wpz-grid-tablet-2  wpz-grid-mobile-1  grid-meta-bottom\">\n\t\t\t\t\n        <article id=\"post-3699\" class=\"wpz-post post-3699 post type-post status-publish format-standard hentry category-field-work\">\n         \n            <div class=\"post-grid-inner\">\n            \t\n            \t\n                <div class=\"post-grid-text-wrap\">\n               \t\t\t\t<h3 class=\"title\">\n\t\t\t<a href=\"https:\/\/crossnet.potres.hr\/index.php\/en\/2025\/12\/18\/2025-recap\/\" title=\"Short overview of our 2025\">Short overview of our 2025<\/a>\n\t\t<\/h3>\n\t\t\t                <div class=\"post-grid-excerpt\"><p>Over the past year, the project team has conducted intensive and extensive field work with the aim of collecting quality data and improving the seismological&hellip;<\/p>\n<\/div>\t                <a class=\"read-more-btn\" href=\"https:\/\/crossnet.potres.hr\/index.php\/en\/2025\/12\/18\/2025-recap\/\">Read More \u00bb<\/a>                <\/div>\n\n                \t\t<div class=\"post-grid-meta\">\n\t\t\t<span class=\"post-date\">December 18, 2025<\/span>\t\t<\/div>\n\t\t\n            <\/div><!-- .blog-inner -->\n           \n        <\/article>\n\n        \n        <article id=\"post-3695\" class=\"wpz-post post-3695 post type-post status-publish format-standard hentry category-tereni\">\n         \n            <div class=\"post-grid-inner\">\n            \t\n            \t\n                <div class=\"post-grid-text-wrap\">\n               \t\t\t\t<h3 class=\"title\">\n\t\t\t<a href=\"https:\/\/crossnet.potres.hr\/index.php\/2025\/12\/18\/pregled-postignutog-u-2025-godini\/\" title=\"Pregled postignutog u 2025. godini\">Pregled postignutog u 2025. godini<\/a>\n\t\t<\/h3>\n\t\t\t                <div class=\"post-grid-excerpt\"><p>Tijekom posljednjih godinu dana projektni tim proveo je intenzivan i opse\u017ean rad na terenu s ciljem prikupljanja kvalitetnih podataka i pobolj\u0161anja seizmolo\u0161ke mre\u017ee u Republici&hellip;<\/p>\n<\/div>\t                <a class=\"read-more-btn\" href=\"https:\/\/crossnet.potres.hr\/index.php\/2025\/12\/18\/pregled-postignutog-u-2025-godini\/\">Read More \u00bb<\/a>                <\/div>\n\n                \t\t<div class=\"post-grid-meta\">\n\t\t\t<span class=\"post-date\">December 18, 2025<\/span>\t\t<\/div>\n\t\t\n            <\/div><!-- .blog-inner -->\n           \n        <\/article>\n\n        \n        <article id=\"post-3628\" class=\"wpz-post post-3628 post type-post status-publish format-standard has-post-thumbnail hentry category-conferences\">\n         \n            <div class=\"post-grid-inner\">\n            \t\n            \t\n                <div class=\"post-grid-text-wrap\">\n               \t\t\t\t<h3 class=\"title\">\n\t\t\t<a href=\"https:\/\/crossnet.potres.hr\/index.php\/en\/2025\/09\/16\/participation-in-the-series-of-conferences-on-science-and-technology-ctbt-snt2025-science-and-technology-2025-in-vienna-as-part-of-the-comprehensive-nuclear-test-ban-treaty-ctbt\/\" title=\"Participation in the series of conferences on science and technology CTBT, SnT2025 (Science and Technology 2025) in Vienna\">Participation in the series of conferences on science and technology CTBT, SnT2025 (Science and Technology 2025) in Vienna<\/a>\n\t\t<\/h3>\n\t\t\t                <div class=\"post-grid-excerpt\"><p>From September 9 to 12, 2025, project associates on the CROSSNET project Valentina Ga\u0161o, Viktorija Milec and Anamarija Tremljan Milun participated in the CTBT: Science&hellip;<\/p>\n<\/div>\t                <a class=\"read-more-btn\" href=\"https:\/\/crossnet.potres.hr\/index.php\/en\/2025\/09\/16\/participation-in-the-series-of-conferences-on-science-and-technology-ctbt-snt2025-science-and-technology-2025-in-vienna-as-part-of-the-comprehensive-nuclear-test-ban-treaty-ctbt\/\">Read More \u00bb<\/a>                <\/div>\n\n                \t\t<div class=\"post-grid-meta\">\n\t\t\t<span class=\"post-date\">September 16, 2025<\/span>\t\t<\/div>\n\t\t\n            <\/div><!-- .blog-inner -->\n           \n        <\/article>\n\n        \n        <article id=\"post-3616\" class=\"wpz-post post-3616 post type-post status-publish format-standard has-post-thumbnail hentry category-konferencije\">\n         \n            <div class=\"post-grid-inner\">\n            \t\n            \t\n                <div class=\"post-grid-text-wrap\">\n               \t\t\t\t<h3 class=\"title\">\n\t\t\t<a href=\"https:\/\/crossnet.potres.hr\/index.php\/2025\/09\/16\/sudjelovanje-u-seriji-konferencija-o-znanosti-i-tehnologiji-ctbt-snt2025-science-and-technology-2025-u-becu-u-sklopu-organizacije-za-sveobuhvatnu-zabranu-nuklearnih-pokusa-comprehensive-nuclear-t\/\" title=\"Sudjelovanje u seriji konferencija o znanosti i tehnologiji CTBT, SnT2025 (Science and Technology 2025) u Be\u010du\">Sudjelovanje u seriji konferencija o znanosti i tehnologiji CTBT, SnT2025 (Science and Technology 2025) u Be\u010du<\/a>\n\t\t<\/h3>\n\t\t\t                <div class=\"post-grid-excerpt\"><p>Od 9. do 12. rujna 2025., suradnice na projektu CROSSNET Valentina Ga\u0161o, Viktorija Milec i Anamarija Tremljan Milun sudjelovale su u seriji konferencija o znanosti&hellip;<\/p>\n<\/div>\t                <a class=\"read-more-btn\" href=\"https:\/\/crossnet.potres.hr\/index.php\/2025\/09\/16\/sudjelovanje-u-seriji-konferencija-o-znanosti-i-tehnologiji-ctbt-snt2025-science-and-technology-2025-u-becu-u-sklopu-organizacije-za-sveobuhvatnu-zabranu-nuklearnih-pokusa-comprehensive-nuclear-t\/\">Read More \u00bb<\/a>                <\/div>\n\n                \t\t<div class=\"post-grid-meta\">\n\t\t\t<span class=\"post-date\">September 16, 2025<\/span>\t\t<\/div>\n\t\t\n            <\/div><!-- .blog-inner -->\n           \n        <\/article>\n\n        \n        <article id=\"post-3593\" class=\"wpz-post post-3593 post type-post status-publish format-standard has-post-thumbnail hentry category-field-work\">\n         \n            <div class=\"post-grid-inner\">\n            \t\n            \t\n                <div class=\"post-grid-text-wrap\">\n               \t\t\t\t<h3 class=\"title\">\n\t\t\t<a href=\"https:\/\/crossnet.potres.hr\/index.php\/en\/2025\/08\/11\/deployment-of-the-ocean-bottom-seismometers-obs-in-the-southern-adriatic\/\" title=\"Deployment of the ocean bottom seismometers (OBS) in the southern Adriatic\">Deployment of the ocean bottom seismometers (OBS) in the southern Adriatic<\/a>\n\t\t<\/h3>\n\t\t\t                <div class=\"post-grid-excerpt\"><p>On Sunday, June 15, 2025, we headed to the island of Lastovo to install the last three of ten underwater seismometers (Ocean Bottom Seismometer \u2013&hellip;<\/p>\n<\/div>\t                <a class=\"read-more-btn\" href=\"https:\/\/crossnet.potres.hr\/index.php\/en\/2025\/08\/11\/deployment-of-the-ocean-bottom-seismometers-obs-in-the-southern-adriatic\/\">Read More \u00bb<\/a>                <\/div>\n\n                \t\t<div class=\"post-grid-meta\">\n\t\t\t<span class=\"post-date\">August 11, 2025<\/span>\t\t<\/div>\n\t\t\n            <\/div><!-- .blog-inner -->\n           \n        <\/article>\n\n        \n        <article id=\"post-3577\" class=\"wpz-post post-3577 post type-post status-publish format-standard has-post-thumbnail hentry category-tereni\">\n         \n            <div class=\"post-grid-inner\">\n            \t\n            \t\n                <div class=\"post-grid-text-wrap\">\n               \t\t\t\t<h3 class=\"title\">\n\t\t\t<a href=\"https:\/\/crossnet.potres.hr\/index.php\/2025\/08\/06\/polaganje-podmorskih-seizmoloskih-instrumenata-na-podrucju-juznog-jadrana\/\" title=\"Polaganje podmorskih seizmolo\u0161kih instrumenata na podru\u010dju Ju\u017enog Jadrana\">Polaganje podmorskih seizmolo\u0161kih instrumenata na podru\u010dju Ju\u017enog Jadrana<\/a>\n\t\t<\/h3>\n\t\t\t                <div class=\"post-grid-excerpt\"><p>U nedjelju 15. lipnja 2025. godine uputili smo se prema otoku Lastovu, kako bismo postavili zadnja tri od deset podmorskih seizmolo\u0161kih ure\u0111aja (Ocean Bottom Seismometer&hellip;<\/p>\n<\/div>\t                <a class=\"read-more-btn\" href=\"https:\/\/crossnet.potres.hr\/index.php\/2025\/08\/06\/polaganje-podmorskih-seizmoloskih-instrumenata-na-podrucju-juznog-jadrana\/\">Read More \u00bb<\/a>                <\/div>\n\n                \t\t<div class=\"post-grid-meta\">\n\t\t\t<span class=\"post-date\">August 6, 2025<\/span>\t\t<\/div>\n\t\t\n            <\/div><!-- .blog-inner -->\n           \n        <\/article>\n\n        \t\t\t<\/div>\n\n\t\t\t\t\t\t\t\t\t\t<div class=\"wpz-posts-grid-load-more\">\n\t\t\t\t\t<a href=\"#\" class=\"wpz-posts-grid-load-more-btn btn\">Load More<\/a>\n\t\t\t\t<\/div>\n\t\t\t\t<input type=\"hidden\" id=\"wpz_posts_grid_load_more66faca24\" name=\"wpz_posts_grid_load_more66faca24\" value=\"9be55b14ad\" \/><input type=\"hidden\" name=\"_wp_http_referer\" value=\"\/index.php\/wp-json\/wp\/v2\/pages\/8\" \/>\t\t\t\t\t\n\t\t<\/div><!-- \/\/.wpz-grid -->\n\t\t\t\t\t\t<\/div>\n\t\t\t\t<\/div>\n\t\t\t\t\t<\/div>\n\t\t<\/div>\n\t\t\t\t\t<\/div>\n\t\t<\/section>\n\t\t\t\t<section class=\"elementor-section elementor-top-section elementor-element elementor-element-0996edf elementor-section-boxed elementor-section-height-default elementor-section-height-default\" data-id=\"0996edf\" data-element_type=\"section\" data-e-type=\"section\">\n\t\t\t\t\t\t<div class=\"elementor-container elementor-column-gap-default\">\n\t\t\t\t\t<div class=\"elementor-column elementor-col-100 elementor-top-column elementor-element elementor-element-50c79f7\" data-id=\"50c79f7\" data-element_type=\"column\" data-e-type=\"column\">\n\t\t\t<div class=\"elementor-widget-wrap\">\n\t\t\t\t\t\t\t<\/div>\n\t\t<\/div>\n\t\t\t\t\t<\/div>\n\t\t<\/section>\n\t\t\t\t<\/div>\n\t\t","protected":false},"excerpt":{"rendered":"<p>Objective The CROSSNET project, titled &#8220;Development of a network of seismological data&#8221;, has started to be implemented by the Croatian Seismological Survey (CSS) with the objective to improve and expand the existing network of seismological stations in the Republic of Croatia. The new network of seismological stations will enable the collection of more accurate data &hellip; <\/p>\n<p class=\"link-more\"><a href=\"https:\/\/crossnet.potres.hr\/index.php\/2025\/08\/06\/polaganje-podmorskih-seizmoloskih-instrumenata-na-podrucju-juznog-jadrana\/\" class=\"more-link\">Read more<span class=\"screen-reader-text\"> &#8220;Polaganje podmorskih seizmolo\u0161kih instrumenata na podru\u010dju Ju\u017enog Jadrana&#8221;<\/span><\/a><\/p>\n","protected":false},"author":1,"featured_media":0,"parent":0,"menu_order":0,"comment_status":"closed","ping_status":"closed","template":"","meta":{"_editorskit_title_hidden":true,"_editorskit_reading_time":1,"_editorskit_is_block_options_detached":false,"_editorskit_block_options_position":"{}","om_disable_all_campaigns":false,"_monsterinsights_skip_tracking":false,"_monsterinsights_sitenote_active":false,"_monsterinsights_sitenote_note":"","_monsterinsights_sitenote_category":0,"inspiro_hide_title":false,"footnotes":""},"class_list":["post-8","page","type-page","status-publish","hentry"],"aioseo_notices":[],"featured_media_urls":[],"_links":{"self":[{"href":"https:\/\/crossnet.potres.hr\/index.php\/wp-json\/wp\/v2\/pages\/8","targetHints":{"allow":["GET"]}}],"collection":[{"href":"https:\/\/crossnet.potres.hr\/index.php\/wp-json\/wp\/v2\/pages"}],"about":[{"href":"https:\/\/crossnet.potres.hr\/index.php\/wp-json\/wp\/v2\/types\/page"}],"author":[{"embeddable":true,"href":"https:\/\/crossnet.potres.hr\/index.php\/wp-json\/wp\/v2\/users\/1"}],"replies":[{"embeddable":true,"href":"https:\/\/crossnet.potres.hr\/index.php\/wp-json\/wp\/v2\/comments?post=8"}],"version-history":[{"count":188,"href":"https:\/\/crossnet.potres.hr\/index.php\/wp-json\/wp\/v2\/pages\/8\/revisions"}],"predecessor-version":[{"id":3711,"href":"https:\/\/crossnet.potres.hr\/index.php\/wp-json\/wp\/v2\/pages\/8\/revisions\/3711"}],"wp:attachment":[{"href":"https:\/\/crossnet.potres.hr\/index.php\/wp-json\/wp\/v2\/media?parent=8"}],"curies":[{"name":"wp","href":"https:\/\/api.w.org\/{rel}","templated":true}]}}