{"id":558,"date":"2022-10-18T07:24:00","date_gmt":"2022-10-18T07:24:00","guid":{"rendered":"https:\/\/crossnet.potres.hr\/?page_id=558"},"modified":"2024-06-10T14:15:26","modified_gmt":"2024-06-10T12:15:26","slug":"employed-on-the-crossnet-project","status":"publish","type":"page","link":"https:\/\/crossnet.potres.hr\/index.php\/en\/employed-on-the-crossnet-project\/","title":{"rendered":"Employed on the CROSSNET project"},"content":{"rendered":"<div class=\"tmm tmm_crossnet-team\"><div class=\"tmm_3_columns tmm_wrap tmm_theme_f\"><span class=\"tmm_two_containers_tablet\"><\/span><div class=\"tmm_container\"><div class=\"tmm_member\" style=\"border-top:#1e73be solid 5px;\"><div class=\"tmm_photo tmm_pic_crossnet-team_0\" style=\"background: url(https:\/\/crossnet.potres.hr\/wp-content\/uploads\/2022\/08\/Brc_crop.png); margin-left: auto; margin-right:auto; background-size:cover !important;\"><\/div><div class=\"tmm_textblock\"><div class=\"tmm_names\"><span class=\"tmm_fname\">Antonio<\/span> <span class=\"tmm_lname\">Brckovi\u0107<\/span><\/div><div class=\"tmm_job\">Project Associate<\/div><div class=\"tmm_desc\" style=\"text-align:\"><p style=\"text-align: center\">mag.ing.geol.<\/p><\/div><div class=\"tmm_scblock\"><a class=\"tmm_sociallink\" href=\"mailto:&#097;nt&#111;&#110;io&#046;b&#114;&#099;k&#111;v&#105;&#099;&#064;&#103;fz.&#104;r\" title=\"\"><img decoding=\"async\" alt=\"\" src=\"https:\/\/crossnet.potres.hr\/wp-content\/plugins\/team-members\/inc\/img\/links\/email.png\"\/><\/a><a target=\"_blank\" class=\"tmm_sociallink\" href=\"https:\/\/www.linkedin.com\/in\/antonio-brckovic\/\" title=\"\"><img decoding=\"async\" alt=\"\" src=\"https:\/\/crossnet.potres.hr\/wp-content\/plugins\/team-members\/inc\/img\/links\/linkedin.png\"\/><\/a><a target=\"_blank\" class=\"tmm_sociallink\" href=\"https:\/\/www.researchgate.net\/profile\/Antonio-Brckovic\" title=\"\"><img decoding=\"async\" alt=\"\" src=\"https:\/\/crossnet.potres.hr\/wp-content\/plugins\/team-members\/inc\/img\/links\/researchgate.png\"\/><\/a><\/div><\/div><\/div><div class=\"tmm_member\" style=\"border-top:#1e73be solid 5px;\"><div class=\"tmm_photo tmm_pic_crossnet-team_1\" style=\"background: url(https:\/\/crossnet.potres.hr\/wp-content\/uploads\/2026\/04\/Profil-slika.jpg); margin-left: auto; margin-right:auto; background-size:cover !important;\"><\/div><div class=\"tmm_textblock\"><div class=\"tmm_names\"><span class=\"tmm_fname\">Goran<\/span> <span class=\"tmm_lname\">\u010corak<\/span><\/div><div class=\"tmm_job\">Project Associate<\/div><div class=\"tmm_desc\" style=\"text-align:\"><p style=\"text-align: center\">mag.ing.geol.<\/p><\/div><div class=\"tmm_scblock\"><a class=\"tmm_sociallink\" href=\"mailto:g&#111;&#114;a&#110;&#046;c&#111;&#114;ak&#064;&#103;f&#122;&#046;h&#114;\" title=\"\"><img decoding=\"async\" alt=\"\" src=\"https:\/\/crossnet.potres.hr\/wp-content\/plugins\/team-members\/inc\/img\/links\/email.png\"\/><\/a><a target=\"_blank\" class=\"tmm_sociallink\" href=\"https:\/\/www.linkedin.com\/in\/goran-orak-0a7992174\/\" title=\"\"><img decoding=\"async\" alt=\"\" src=\"https:\/\/crossnet.potres.hr\/wp-content\/plugins\/team-members\/inc\/img\/links\/linkedin.png\"\/><\/a><\/div><\/div><\/div><span class=\"tmm_two_containers_tablet\"><\/span><div class=\"tmm_member\" style=\"border-top:#1e73be solid 5px;\"><div class=\"tmm_photo tmm_pic_crossnet-team_2\" style=\"background: url(https:\/\/crossnet.potres.hr\/wp-content\/uploads\/2022\/08\/DSC_0274-1.jpg); margin-left: auto; margin-right:auto; background-size:cover !important;\"><\/div><div class=\"tmm_textblock\"><div class=\"tmm_names\"><span class=\"tmm_fname\">Valentina<\/span> <span class=\"tmm_lname\">Ga\u0161o<\/span><\/div><div class=\"tmm_job\">Project Associate<\/div><div class=\"tmm_desc\" style=\"text-align:\"><p style=\"text-align: center\">mag.geol.<\/p><\/div><div class=\"tmm_scblock\"><a class=\"tmm_sociallink\" href=\"mailto:&#118;&#097;l&#101;&#110;&#116;&#105;&#110;a.g&#097;&#115;&#111;&#064;g&#102;z.&#104;&#114;\" title=\"\"><img decoding=\"async\" alt=\"\" src=\"https:\/\/crossnet.potres.hr\/wp-content\/plugins\/team-members\/inc\/img\/links\/email.png\"\/><\/a><a target=\"_blank\" class=\"tmm_sociallink\" href=\"https:\/\/www.linkedin.com\/in\/valentina-gaso\/\" title=\"\"><img decoding=\"async\" alt=\"\" src=\"https:\/\/crossnet.potres.hr\/wp-content\/plugins\/team-members\/inc\/img\/links\/linkedin.png\"\/><\/a><a target=\"_blank\" class=\"tmm_sociallink\" href=\"https:\/\/www.researchgate.net\/profile\/Valentina-Gaso\" title=\"\"><img decoding=\"async\" alt=\"\" src=\"https:\/\/crossnet.potres.hr\/wp-content\/plugins\/team-members\/inc\/img\/links\/researchgate.png\"\/><\/a><\/div><\/div><\/div><\/div><span class=\"tmm_columns_containers_desktop\"><\/span><div class=\"tmm_container\"><div class=\"tmm_member\" style=\"border-top:#1e73be solid 5px;\"><div class=\"tmm_photo tmm_pic_crossnet-team_3\" style=\"background: url(https:\/\/crossnet.potres.hr\/wp-content\/uploads\/2022\/08\/kaps_crop.png); margin-left: auto; margin-right:auto; background-size:cover !important;\"><\/div><div class=\"tmm_textblock\"><div class=\"tmm_names\"><span class=\"tmm_fname\">Marko<\/span> <span class=\"tmm_lname\">Kapelj<\/span><\/div><div class=\"tmm_job\">Project Associate<\/div><div class=\"tmm_desc\" style=\"text-align:\"><p style=\"text-align: center\">mag.ing.geol.<\/p><\/div><div class=\"tmm_scblock\"><a class=\"tmm_sociallink\" href=\"mailto:&#109;a&#114;k&#111;&#046;&#107;ap&#101;&#108;j&#064;&#103;&#102;&#122;.hr\" title=\"\"><img decoding=\"async\" alt=\"\" src=\"https:\/\/crossnet.potres.hr\/wp-content\/plugins\/team-members\/inc\/img\/links\/email.png\"\/><\/a><a target=\"_blank\" class=\"tmm_sociallink\" href=\"https:\/\/www.linkedin.com\/in\/marko-kapelj-137662212\/\" title=\"\"><img decoding=\"async\" alt=\"\" src=\"https:\/\/crossnet.potres.hr\/wp-content\/plugins\/team-members\/inc\/img\/links\/linkedin.png\"\/><\/a><a target=\"_blank\" class=\"tmm_sociallink\" href=\"https:\/\/www.researchgate.net\/profile\/Marko-Kapelj\" title=\"\"><img decoding=\"async\" alt=\"\" src=\"https:\/\/crossnet.potres.hr\/wp-content\/plugins\/team-members\/inc\/img\/links\/researchgate.png\"\/><\/a><\/div><\/div><\/div><span class=\"tmm_two_containers_tablet\"><\/span><div class=\"tmm_member\" style=\"border-top:#1e73be solid 5px;\"><div class=\"tmm_photo tmm_pic_crossnet-team_4\" style=\"background: url(https:\/\/crossnet.potres.hr\/wp-content\/uploads\/2022\/08\/iva_crop.png); margin-left: auto; margin-right:auto; background-size:cover !important;\"><\/div><div class=\"tmm_textblock\"><div class=\"tmm_names\"><span class=\"tmm_fname\">Iva<\/span> <span class=\"tmm_lname\">Kostanj\u0161ek<\/span><\/div><div class=\"tmm_job\">Project Associate<\/div><div class=\"tmm_desc\" style=\"text-align:\"><p style=\"text-align: center\">mag.geol.<\/p><\/div><div class=\"tmm_scblock\"><a class=\"tmm_sociallink\" href=\"mailto:iv&#097;.&#107;o&#115;&#116;&#097;njs&#101;k&#064;&#103;f&#122;&#046;hr\" title=\"\"><img decoding=\"async\" alt=\"\" src=\"https:\/\/crossnet.potres.hr\/wp-content\/plugins\/team-members\/inc\/img\/links\/email.png\"\/><\/a><a target=\"_blank\" class=\"tmm_sociallink\" href=\"https:\/\/www.linkedin.com\/in\/iva-kostanjsek\/\" title=\"\"><img decoding=\"async\" alt=\"\" src=\"https:\/\/crossnet.potres.hr\/wp-content\/plugins\/team-members\/inc\/img\/links\/linkedin.png\"\/><\/a><a target=\"_blank\" class=\"tmm_sociallink\" href=\"https:\/\/www.researchgate.net\/profile\/Iva-Kostanjsek\" title=\"\"><img decoding=\"async\" alt=\"\" src=\"https:\/\/crossnet.potres.hr\/wp-content\/plugins\/team-members\/inc\/img\/links\/researchgate.png\"\/><\/a><\/div><\/div><\/div><div class=\"tmm_member\" style=\"border-top:#1e73be solid 5px;\"><div class=\"tmm_photo tmm_pic_crossnet-team_5\" style=\"background: url(https:\/\/crossnet.potres.hr\/wp-content\/uploads\/2022\/08\/Milec_crop.png); margin-left: auto; margin-right:auto; background-size:cover !important;\"><\/div><div class=\"tmm_textblock\"><div class=\"tmm_names\"><span class=\"tmm_fname\">Viktorija<\/span> <span class=\"tmm_lname\">Milec<\/span><\/div><div class=\"tmm_job\">Project Associate<\/div><div class=\"tmm_desc\" style=\"text-align:\"><p style=\"text-align: center\">mag.educ.phys.<\/p><\/div><div class=\"tmm_scblock\"><a class=\"tmm_sociallink\" href=\"mailto:v&#105;k&#116;ori&#106;a.&#109;i&#108;e&#099;&#064;gfz.&#104;&#114;\" title=\"\"><img decoding=\"async\" alt=\"\" src=\"https:\/\/crossnet.potres.hr\/wp-content\/plugins\/team-members\/inc\/img\/links\/email.png\"\/><\/a><a target=\"_blank\" class=\"tmm_sociallink\" href=\"https:\/\/www.linkedin.com\/in\/viktorijamilec\/\" title=\"\"><img decoding=\"async\" alt=\"\" src=\"https:\/\/crossnet.potres.hr\/wp-content\/plugins\/team-members\/inc\/img\/links\/linkedin.png\"\/><\/a><a target=\"_blank\" class=\"tmm_sociallink\" href=\"https:\/\/www.researchgate.net\/profile\/Viktorija-Milec\" title=\"\"><img decoding=\"async\" alt=\"\" src=\"https:\/\/crossnet.potres.hr\/wp-content\/plugins\/team-members\/inc\/img\/links\/researchgate.png\"\/><\/a><\/div><\/div><\/div><span class=\"tmm_two_containers_tablet\"><\/span><\/div><span class=\"tmm_columns_containers_desktop\"><\/span><div class=\"tmm_container\"><div class=\"tmm_member\" style=\"border-top:#1e73be solid 5px;\"><div class=\"tmm_photo tmm_pic_crossnet-team_6\" style=\"background: url(https:\/\/crossnet.potres.hr\/wp-content\/uploads\/2022\/08\/imageBM-scaled-scaled.webp); margin-left: auto; margin-right:auto; background-size:cover !important;\"><\/div><div class=\"tmm_textblock\"><div class=\"tmm_names\"><span class=\"tmm_fname\">Bruno<\/span> <span class=\"tmm_lname\">Mravlja<\/span><\/div><div class=\"tmm_job\">Project Associate<\/div><div class=\"tmm_desc\" style=\"text-align:\"><p style=\"text-align: center\">mag.ing.geol.<\/p><\/div><div class=\"tmm_scblock\"><a class=\"tmm_sociallink\" href=\"mailto:b&#114;un&#111;&#046;mr&#097;&#118;&#108;ja&#064;g&#102;z.&#104;&#114;\" title=\"\"><img decoding=\"async\" alt=\"\" src=\"https:\/\/crossnet.potres.hr\/wp-content\/plugins\/team-members\/inc\/img\/links\/email.png\"\/><\/a><a target=\"_blank\" class=\"tmm_sociallink\" href=\"https:\/\/www.linkedin.com\/in\/bruno-mravlja-b0745b182\/\" title=\"\"><img decoding=\"async\" alt=\"\" src=\"https:\/\/crossnet.potres.hr\/wp-content\/plugins\/team-members\/inc\/img\/links\/linkedin.png\"\/><\/a><\/div><\/div><\/div><div class=\"tmm_member\" style=\"border-top:#1e73be solid 5px;\"><div class=\"tmm_photo tmm_pic_crossnet-team_7\" style=\"background: url(https:\/\/crossnet.potres.hr\/wp-content\/uploads\/2022\/08\/Pervan_crop.png); margin-left: auto; margin-right:auto; background-size:cover !important;\"><\/div><div class=\"tmm_textblock\"><div class=\"tmm_names\"><span class=\"tmm_fname\">Marko<\/span> <span class=\"tmm_lname\">Pervan<\/span><\/div><div class=\"tmm_job\">Project Associate<\/div><div class=\"tmm_desc\" style=\"text-align:\"><p style=\"text-align: center\">mag.ing.geol.<\/p><\/div><div class=\"tmm_scblock\"><a class=\"tmm_sociallink\" href=\"mailto:m&#097;&#114;&#107;&#111;&#046;&#112;e&#114;&#118;a&#110;&#064;&#103;f&#122;&#046;&#104;r\" title=\"\"><img decoding=\"async\" alt=\"\" src=\"https:\/\/crossnet.potres.hr\/wp-content\/plugins\/team-members\/inc\/img\/links\/email.png\"\/><\/a><a target=\"_blank\" class=\"tmm_sociallink\" href=\"\" title=\"\"><img decoding=\"async\" alt=\"\" src=\"https:\/\/crossnet.potres.hr\/wp-content\/plugins\/team-members\/inc\/img\/links\/linkedin.png\"\/><\/a><\/div><\/div><\/div><span class=\"tmm_two_containers_tablet\"><\/span><div class=\"tmm_member\" style=\"border-top:#1e73be solid 5px;\"><div class=\"tmm_photo tmm_pic_crossnet-team_8\" style=\"background: url(https:\/\/crossnet.potres.hr\/wp-content\/uploads\/2022\/08\/tremljan_crop.png); margin-left: auto; margin-right:auto; background-size:cover !important;\"><\/div><div class=\"tmm_textblock\"><div class=\"tmm_names\"><span class=\"tmm_fname\">Anamarija<\/span> <span class=\"tmm_lname\">Tremljan Milun<\/span><\/div><div class=\"tmm_job\">Project Associate<\/div><div class=\"tmm_desc\" style=\"text-align:\"><p style=\"text-align: center\">mag.ing.geol.<\/p><\/div><div class=\"tmm_scblock\"><a class=\"tmm_sociallink\" href=\"mailto:anama&#114;ij&#097;&#046;&#116;&#114;&#101;&#109;&#108;&#106;an.&#109;i&#108;u&#110;&#064;g&#102;z.h&#114;\" title=\"\"><img decoding=\"async\" alt=\"\" src=\"https:\/\/crossnet.potres.hr\/wp-content\/plugins\/team-members\/inc\/img\/links\/email.png\"\/><\/a><a target=\"_blank\" class=\"tmm_sociallink\" href=\"https:\/\/www.linkedin.com\/in\/anamarijatremljan\/\" title=\"\"><img decoding=\"async\" alt=\"\" src=\"https:\/\/crossnet.potres.hr\/wp-content\/plugins\/team-members\/inc\/img\/links\/linkedin.png\"\/><\/a><a target=\"_blank\" class=\"tmm_sociallink\" href=\"https:\/\/www.researchgate.net\/profile\/Anamarija-Tremljan\" title=\"\"><img decoding=\"async\" alt=\"\" src=\"https:\/\/crossnet.potres.hr\/wp-content\/plugins\/team-members\/inc\/img\/links\/researchgate.png\"\/><\/a><\/div><\/div><\/div><div style=\"clear:both;\"><\/div><\/div><\/div><\/div>\n\n\n\n<hr class=\"wp-block-separator has-alpha-channel-opacity\"\/>\n\n\n\n<h2 class=\"wp-block-heading\">Ex project associates<\/h2>\n\n\n<div class=\"tmm tmm_ex-project-associates\"><div class=\"tmm_3_columns tmm_wrap tmm_plugin_f\"><span class=\"tmm_two_containers_tablet\"><\/span><div class=\"tmm_container\"><div class=\"tmm_member\" style=\"border-top:#333333 solid 5px;\"><div class=\"tmm_photo tmm_pic_ex-project-associates_0\" style=\"background: url(https:\/\/crossnet.potres.hr\/wp-content\/uploads\/2022\/08\/Vex_crop.png); margin-left: auto; margin-right:auto; background-size:cover !important;\"><\/div><div class=\"tmm_textblock\"><div class=\"tmm_names\"><span class=\"tmm_fname\">Vedran<\/span> <span class=\"tmm_lname\">Damjanovi\u0107<\/span><\/div><div class=\"tmm_job\">Project Associate (06\/22 - 07\/24)<\/div><div class=\"tmm_desc\" style=\"text-align:\"><p style=\"text-align: center\">mag.ing.geol.<\/p><\/div><div class=\"tmm_scblock\"><\/div><\/div><\/div><div class=\"tmm_member\" style=\"border-top:#333333 solid 5px;\"><div class=\"tmm_photo tmm_pic_ex-project-associates_1\" style=\"background: url(https:\/\/crossnet.potres.hr\/wp-content\/uploads\/2022\/08\/stijepo_Crop2.png); margin-left: auto; margin-right:auto; background-size:cover !important;\"><\/div><div class=\"tmm_textblock\"><div class=\"tmm_names\"><span class=\"tmm_fname\">Stijepo<\/span> <span class=\"tmm_lname\">Grljevi\u0107<\/span><\/div><div class=\"tmm_job\">Project Associate (08\/22 - 03\/22)<\/div><div class=\"tmm_desc\" style=\"text-align:\"><p style=\"text-align: center\">mag.geol.<\/p><\/div><div class=\"tmm_scblock\"><\/div><\/div><\/div><span class=\"tmm_two_containers_tablet\"><\/span><div class=\"tmm_member\" style=\"border-top:#333333 solid 5px;\"><div class=\"tmm_photo tmm_pic_ex-project-associates_2\" style=\"background: url(https:\/\/crossnet.potres.hr\/wp-content\/uploads\/2022\/10\/Marija_crop.jpg); margin-left: auto; margin-right:auto; background-size:cover !important;\"><\/div><div class=\"tmm_textblock\"><div class=\"tmm_names\"><span class=\"tmm_fname\">Marija<\/span> <span class=\"tmm_lname\">Musta\u010d Br\u010di\u0107<\/span><\/div><div class=\"tmm_job\">Project Associate (06\/22 - 09\/24)<\/div><div class=\"tmm_desc\" style=\"text-align:\"><p style=\"text-align: center\">Dr.sc.<\/p><\/div><div class=\"tmm_scblock\"><\/div><\/div><\/div><\/div><span class=\"tmm_columns_containers_desktop\"><\/span><div class=\"tmm_container\"><div class=\"tmm_member\" style=\"border-top:#333333 solid 5px;\"><div class=\"tmm_photo tmm_pic_ex-project-associates_3\" style=\"background: url(https:\/\/crossnet.potres.hr\/wp-content\/uploads\/2022\/10\/InesIvancic.jpeg); margin-left: auto; margin-right:auto; background-size:cover !important;\"><\/div><div class=\"tmm_textblock\"><div class=\"tmm_names\"><span class=\"tmm_fname\">Ines<\/span> <span class=\"tmm_lname\">Ivan\u010di\u0107<\/span><\/div><div class=\"tmm_job\">Project Associate<\/div><div class=\"tmm_desc\" style=\"text-align:\"><p style=\"text-align: center\">Mr.sc.<\/p><\/div><div class=\"tmm_scblock\"><a class=\"tmm_sociallink\" href=\"mailto:ii&#118;&#097;&#110;&#099;ic&#064;&#105;&#114;&#098;.hr\" title=\"\"><img decoding=\"async\" alt=\"\" src=\"https:\/\/crossnet.potres.hr\/wp-content\/plugins\/team-members\/inc\/img\/links\/email.png\"\/><\/a><a target=\"_blank\" class=\"tmm_sociallink\" href=\"https:\/\/www.linkedin.com\/in\/ines-ivancic-34590127\/\" title=\"\"><img decoding=\"async\" alt=\"\" src=\"https:\/\/crossnet.potres.hr\/wp-content\/plugins\/team-members\/inc\/img\/links\/linkedin.png\"\/><\/a><a target=\"_blank\" class=\"tmm_sociallink\" href=\"https:\/\/www.researchgate.net\/profile\/Ines-Ivancic\" title=\"\"><img decoding=\"async\" alt=\"\" src=\"https:\/\/crossnet.potres.hr\/wp-content\/plugins\/team-members\/inc\/img\/links\/researchgate.png\"\/><\/a><\/div><\/div><\/div><span class=\"tmm_two_containers_tablet\"><\/span><div class=\"tmm_member\" style=\"border-top:#333333 solid 5px;\"><div class=\"tmm_photo tmm_pic_ex-project-associates_4\" style=\"background: url(https:\/\/crossnet.potres.hr\/wp-content\/uploads\/2022\/10\/sova_crop_2-scaled.jpg); margin-left: auto; margin-right:auto; background-size:cover !important;\"><\/div><div class=\"tmm_textblock\"><div class=\"tmm_names\"><span class=\"tmm_fname\">Ivica<\/span> <span class=\"tmm_lname\">Sovi\u0107<\/span><\/div><div class=\"tmm_job\">Project Associate<\/div><div class=\"tmm_desc\" style=\"text-align:\"><p style=\"text-align: center\">Dr.sc.<\/p><\/div><div class=\"tmm_scblock\"><a class=\"tmm_sociallink\" href=\"mailto:iv&#105;&#099;a.so&#118;&#105;&#099;&#064;&#103;&#102;z&#046;hr\" title=\"\"><img decoding=\"async\" alt=\"\" src=\"https:\/\/crossnet.potres.hr\/wp-content\/plugins\/team-members\/inc\/img\/links\/email.png\"\/><\/a><a target=\"_blank\" class=\"tmm_sociallink\" href=\"https:\/\/www.linkedin.com\/in\/ivica-sovi-513158a7\/\" title=\"\"><img decoding=\"async\" alt=\"\" src=\"https:\/\/crossnet.potres.hr\/wp-content\/plugins\/team-members\/inc\/img\/links\/linkedin.png\"\/><\/a><a target=\"_blank\" class=\"tmm_sociallink\" href=\"https:\/\/www.researchgate.net\/profile\/Ivica-Sovic\" title=\"\"><img decoding=\"async\" alt=\"\" src=\"https:\/\/crossnet.potres.hr\/wp-content\/plugins\/team-members\/inc\/img\/links\/researchgate.png\"\/><\/a><\/div><\/div><\/div><div style=\"clear:both;\"><\/div><\/div><\/div><\/div>\n","protected":false},"excerpt":{"rendered":"<p>Ex project associates<\/p>\n","protected":false},"author":2,"featured_media":0,"parent":0,"menu_order":0,"comment_status":"closed","ping_status":"closed","template":"","meta":{"_editorskit_title_hidden":false,"_editorskit_reading_time":0,"_editorskit_is_block_options_detached":false,"_editorskit_block_options_position":"{}","om_disable_all_campaigns":false,"_monsterinsights_skip_tracking":false,"_monsterinsights_sitenote_active":false,"_monsterinsights_sitenote_note":"","_monsterinsights_sitenote_category":0,"inspiro_hide_title":false,"footnotes":""},"class_list":["post-558","page","type-page","status-publish","hentry"],"aioseo_notices":[],"featured_media_urls":[],"_links":{"self":[{"href":"https:\/\/crossnet.potres.hr\/index.php\/wp-json\/wp\/v2\/pages\/558","targetHints":{"allow":["GET"]}}],"collection":[{"href":"https:\/\/crossnet.potres.hr\/index.php\/wp-json\/wp\/v2\/pages"}],"about":[{"href":"https:\/\/crossnet.potres.hr\/index.php\/wp-json\/wp\/v2\/types\/page"}],"author":[{"embeddable":true,"href":"https:\/\/crossnet.potres.hr\/index.php\/wp-json\/wp\/v2\/users\/2"}],"replies":[{"embeddable":true,"href":"https:\/\/crossnet.potres.hr\/index.php\/wp-json\/wp\/v2\/comments?post=558"}],"version-history":[{"count":2,"href":"https:\/\/crossnet.potres.hr\/index.php\/wp-json\/wp\/v2\/pages\/558\/revisions"}],"predecessor-version":[{"id":2987,"href":"https:\/\/crossnet.potres.hr\/index.php\/wp-json\/wp\/v2\/pages\/558\/revisions\/2987"}],"wp:attachment":[{"href":"https:\/\/crossnet.potres.hr\/index.php\/wp-json\/wp\/v2\/media?parent=558"}],"curies":[{"name":"wp","href":"https:\/\/api.w.org\/{rel}","templated":true}]}}