{"id":546,"date":"2022-10-18T07:17:21","date_gmt":"2022-10-18T07:17:21","guid":{"rendered":"https:\/\/crossnet.potres.hr\/?page_id=546"},"modified":"2024-06-10T14:16:54","modified_gmt":"2024-06-10T12:16:54","slug":"zaposleni-na-projektu-crossnet","status":"publish","type":"page","link":"https:\/\/crossnet.potres.hr\/index.php\/zaposleni-na-projektu-crossnet\/","title":{"rendered":"Zaposleni na projektu CROSSNET"},"content":{"rendered":"<div class=\"tmm tmm_crossnet-team-hrv\"><div class=\"tmm_3_columns tmm_wrap tmm_theme_f\"><span class=\"tmm_two_containers_tablet\"><\/span><div class=\"tmm_container\"><div class=\"tmm_member\" style=\"border-top:#1e73be solid 5px;\"><div class=\"tmm_photo tmm_pic_crossnet-team-hrv_0\" style=\"background: url(https:\/\/crossnet.potres.hr\/wp-content\/uploads\/2022\/08\/Brc_crop.png); margin-left: auto; margin-right:auto; background-size:cover !important;\"><\/div><div class=\"tmm_textblock\"><div class=\"tmm_names\"><span class=\"tmm_fname\">Antonio<\/span> <span class=\"tmm_lname\">Brckovi\u0107<\/span><\/div><div class=\"tmm_job\">Suradnik na projektu<\/div><div class=\"tmm_desc\" style=\"text-align:\"><p style=\"text-align: center\">mag.ing.geol.<\/p><\/div><div class=\"tmm_scblock\"><a class=\"tmm_sociallink\" href=\"mailto:a&#110;&#116;&#111;&#110;&#105;o&#046;brc&#107;&#111;vic&#064;g&#102;z&#046;&#104;r\" title=\"\"><img decoding=\"async\" alt=\"\" src=\"https:\/\/crossnet.potres.hr\/wp-content\/plugins\/team-members\/inc\/img\/links\/email.png\"\/><\/a><a target=\"_blank\" class=\"tmm_sociallink\" href=\"https:\/\/www.linkedin.com\/in\/antonio-brckovic\/\" title=\"\"><img decoding=\"async\" alt=\"\" src=\"https:\/\/crossnet.potres.hr\/wp-content\/plugins\/team-members\/inc\/img\/links\/linkedin.png\"\/><\/a><a target=\"_blank\" class=\"tmm_sociallink\" href=\"https:\/\/www.researchgate.net\/profile\/Antonio-Brckovic\" title=\"\"><img decoding=\"async\" alt=\"\" src=\"https:\/\/crossnet.potres.hr\/wp-content\/plugins\/team-members\/inc\/img\/links\/researchgate.png\"\/><\/a><\/div><\/div><\/div><div class=\"tmm_member\" style=\"border-top:#1e73be solid 5px;\"><div class=\"tmm_photo tmm_pic_crossnet-team-hrv_1\" style=\"background: url(https:\/\/crossnet.potres.hr\/wp-content\/uploads\/2026\/04\/Profil-slika.jpg); margin-left: auto; margin-right:auto; background-size:cover !important;\"><\/div><div class=\"tmm_textblock\"><div class=\"tmm_names\"><span class=\"tmm_fname\">Goran<\/span> <span class=\"tmm_lname\">\u010corak<\/span><\/div><div class=\"tmm_job\">Suradnik na projektu<\/div><div class=\"tmm_desc\" style=\"text-align:\"><p style=\"text-align: center\">mag.ing.geol.<\/p><\/div><div class=\"tmm_scblock\"><a class=\"tmm_sociallink\" href=\"mailto:gor&#097;&#110;&#046;c&#111;r&#097;k&#064;&#103;&#102;&#122;&#046;&#104;r\" title=\"\"><img decoding=\"async\" alt=\"\" src=\"https:\/\/crossnet.potres.hr\/wp-content\/plugins\/team-members\/inc\/img\/links\/email.png\"\/><\/a><a target=\"_blank\" class=\"tmm_sociallink\" href=\"https:\/\/www.linkedin.com\/in\/goran-orak-0a7992174\/\" title=\"\"><img decoding=\"async\" alt=\"\" src=\"https:\/\/crossnet.potres.hr\/wp-content\/plugins\/team-members\/inc\/img\/links\/linkedin.png\"\/><\/a><\/div><\/div><\/div><span class=\"tmm_two_containers_tablet\"><\/span><div class=\"tmm_member\" style=\"border-top:#1e73be solid 5px;\"><div class=\"tmm_photo tmm_pic_crossnet-team-hrv_2\" style=\"background: url(https:\/\/crossnet.potres.hr\/wp-content\/uploads\/2022\/08\/DSC_0274-1.jpg); margin-left: auto; margin-right:auto; background-size:cover !important;\"><\/div><div class=\"tmm_textblock\"><div class=\"tmm_names\"><span class=\"tmm_fname\">Valentina<\/span> <span class=\"tmm_lname\">Ga\u0161o<\/span><\/div><div class=\"tmm_job\">Suradnica na projektu<\/div><div class=\"tmm_desc\" style=\"text-align:\"><p style=\"text-align: center\">mag.geol.<\/p><\/div><div class=\"tmm_scblock\"><a class=\"tmm_sociallink\" href=\"mailto:&#118;&#097;&#108;&#101;&#110;ti&#110;&#097;&#046;g&#097;&#115;&#111;&#064;&#103;&#102;z&#046;&#104;&#114;\" title=\"\"><img decoding=\"async\" alt=\"\" src=\"https:\/\/crossnet.potres.hr\/wp-content\/plugins\/team-members\/inc\/img\/links\/email.png\"\/><\/a><a target=\"_blank\" class=\"tmm_sociallink\" href=\"https:\/\/www.linkedin.com\/in\/valentina-gaso\/\" title=\"\"><img decoding=\"async\" alt=\"\" src=\"https:\/\/crossnet.potres.hr\/wp-content\/plugins\/team-members\/inc\/img\/links\/linkedin.png\"\/><\/a><a target=\"_blank\" class=\"tmm_sociallink\" href=\"https:\/\/www.researchgate.net\/profile\/Valentina-Gaso\" title=\"\"><img decoding=\"async\" alt=\"\" src=\"https:\/\/crossnet.potres.hr\/wp-content\/plugins\/team-members\/inc\/img\/links\/researchgate.png\"\/><\/a><\/div><\/div><\/div><\/div><span class=\"tmm_columns_containers_desktop\"><\/span><div class=\"tmm_container\"><div class=\"tmm_member\" style=\"border-top:#1e73be solid 5px;\"><div class=\"tmm_photo tmm_pic_crossnet-team-hrv_3\" style=\"background: url(https:\/\/crossnet.potres.hr\/wp-content\/uploads\/2022\/08\/kaps_crop.png); margin-left: auto; margin-right:auto; background-size:cover !important;\"><\/div><div class=\"tmm_textblock\"><div class=\"tmm_names\"><span class=\"tmm_fname\">Marko<\/span> <span class=\"tmm_lname\">Kapelj<\/span><\/div><div class=\"tmm_job\">Suradnik na projektu<\/div><div class=\"tmm_desc\" style=\"text-align:\"><p style=\"text-align: center\">mag.ing.geol.<\/p><\/div><div class=\"tmm_scblock\"><a class=\"tmm_sociallink\" href=\"mailto:ma&#114;&#107;&#111;&#046;ka&#112;&#101;l&#106;&#064;gfz.h&#114;\" title=\"\"><img decoding=\"async\" alt=\"\" src=\"https:\/\/crossnet.potres.hr\/wp-content\/plugins\/team-members\/inc\/img\/links\/email.png\"\/><\/a><a target=\"_blank\" class=\"tmm_sociallink\" href=\"https:\/\/www.linkedin.com\/in\/marko-kapelj-137662212\/\" title=\"\"><img decoding=\"async\" alt=\"\" src=\"https:\/\/crossnet.potres.hr\/wp-content\/plugins\/team-members\/inc\/img\/links\/linkedin.png\"\/><\/a><a target=\"_blank\" class=\"tmm_sociallink\" href=\"https:\/\/www.researchgate.net\/profile\/Marko-Kapelj\" title=\"\"><img decoding=\"async\" alt=\"\" src=\"https:\/\/crossnet.potres.hr\/wp-content\/plugins\/team-members\/inc\/img\/links\/researchgate.png\"\/><\/a><\/div><\/div><\/div><span class=\"tmm_two_containers_tablet\"><\/span><div class=\"tmm_member\" style=\"border-top:#1e73be solid 5px;\"><div class=\"tmm_photo tmm_pic_crossnet-team-hrv_4\" style=\"background: url(https:\/\/crossnet.potres.hr\/wp-content\/uploads\/2022\/08\/iva_crop.png); margin-left: auto; margin-right:auto; background-size:cover !important;\"><\/div><div class=\"tmm_textblock\"><div class=\"tmm_names\"><span class=\"tmm_fname\">Iva<\/span> <span class=\"tmm_lname\">Kostanj\u0161ek<\/span><\/div><div class=\"tmm_job\">Suradnica na projektu<\/div><div class=\"tmm_desc\" style=\"text-align:\"><p style=\"text-align: center\">mag.geol.<\/p><\/div><div class=\"tmm_scblock\"><a class=\"tmm_sociallink\" href=\"mailto:&#105;&#118;&#097;.k&#111;sta&#110;&#106;&#115;&#101;k&#064;g&#102;z.hr\" title=\"\"><img decoding=\"async\" alt=\"\" src=\"https:\/\/crossnet.potres.hr\/wp-content\/plugins\/team-members\/inc\/img\/links\/email.png\"\/><\/a><a target=\"_blank\" class=\"tmm_sociallink\" href=\"https:\/\/www.linkedin.com\/in\/iva-kostanjsek\/\" title=\"\"><img decoding=\"async\" alt=\"\" src=\"https:\/\/crossnet.potres.hr\/wp-content\/plugins\/team-members\/inc\/img\/links\/linkedin.png\"\/><\/a><a target=\"_blank\" class=\"tmm_sociallink\" href=\"https:\/\/www.researchgate.net\/profile\/Iva-Kostanjsek\" title=\"\"><img decoding=\"async\" alt=\"\" src=\"https:\/\/crossnet.potres.hr\/wp-content\/plugins\/team-members\/inc\/img\/links\/researchgate.png\"\/><\/a><\/div><\/div><\/div><div class=\"tmm_member\" style=\"border-top:#1e73be solid 5px;\"><div class=\"tmm_photo tmm_pic_crossnet-team-hrv_5\" style=\"background: url(https:\/\/crossnet.potres.hr\/wp-content\/uploads\/2022\/08\/Milec_crop.png); margin-left: auto; margin-right:auto; background-size:cover !important;\"><\/div><div class=\"tmm_textblock\"><div class=\"tmm_names\"><span class=\"tmm_fname\">Viktorija<\/span> <span class=\"tmm_lname\">Milec<\/span><\/div><div class=\"tmm_job\">Suradnica na projektu<\/div><div class=\"tmm_desc\" style=\"text-align:\"><p style=\"text-align: center\">mag.educ.phys.<\/p><\/div><div class=\"tmm_scblock\"><a class=\"tmm_sociallink\" href=\"mailto:vik&#116;o&#114;ij&#097;.m&#105;&#108;&#101;c&#064;&#103;&#102;&#122;.&#104;r\" title=\"\"><img decoding=\"async\" alt=\"\" src=\"https:\/\/crossnet.potres.hr\/wp-content\/plugins\/team-members\/inc\/img\/links\/email.png\"\/><\/a><a target=\"_blank\" class=\"tmm_sociallink\" href=\"https:\/\/www.linkedin.com\/in\/viktorijamilec\/\" title=\"\"><img decoding=\"async\" alt=\"\" src=\"https:\/\/crossnet.potres.hr\/wp-content\/plugins\/team-members\/inc\/img\/links\/linkedin.png\"\/><\/a><a target=\"_blank\" class=\"tmm_sociallink\" href=\"https:\/\/www.researchgate.net\/profile\/Viktorija-Milec\" title=\"\"><img decoding=\"async\" alt=\"\" src=\"https:\/\/crossnet.potres.hr\/wp-content\/plugins\/team-members\/inc\/img\/links\/researchgate.png\"\/><\/a><\/div><\/div><\/div><span class=\"tmm_two_containers_tablet\"><\/span><\/div><span class=\"tmm_columns_containers_desktop\"><\/span><div class=\"tmm_container\"><div class=\"tmm_member\" style=\"border-top:#1e73be solid 5px;\"><div class=\"tmm_photo tmm_pic_crossnet-team-hrv_6\" style=\"background: url(https:\/\/crossnet.potres.hr\/wp-content\/uploads\/2022\/08\/imageBM-scaled-scaled.webp); margin-left: auto; margin-right:auto; background-size:cover !important;\"><\/div><div class=\"tmm_textblock\"><div class=\"tmm_names\"><span class=\"tmm_fname\">Bruno<\/span> <span class=\"tmm_lname\">Mravlja<\/span><\/div><div class=\"tmm_job\">Suradnik na projektu<\/div><div class=\"tmm_desc\" style=\"text-align:\"><p style=\"text-align: center\">mag.ing.geol.<\/p><\/div><div class=\"tmm_scblock\"><a class=\"tmm_sociallink\" href=\"mailto:brun&#111;&#046;m&#114;&#097;v&#108;&#106;a&#064;&#103;&#102;z.&#104;r\" title=\"\"><img decoding=\"async\" alt=\"\" src=\"https:\/\/crossnet.potres.hr\/wp-content\/plugins\/team-members\/inc\/img\/links\/email.png\"\/><\/a><a target=\"_blank\" class=\"tmm_sociallink\" href=\"https:\/\/www.linkedin.com\/in\/bruno-mravlja-b0745b182\/\" title=\"\"><img decoding=\"async\" alt=\"\" src=\"https:\/\/crossnet.potres.hr\/wp-content\/plugins\/team-members\/inc\/img\/links\/linkedin.png\"\/><\/a><\/div><\/div><\/div><div class=\"tmm_member\" style=\"border-top:#1e73be solid 5px;\"><div class=\"tmm_photo tmm_pic_crossnet-team-hrv_7\" style=\"background: url(https:\/\/crossnet.potres.hr\/wp-content\/uploads\/2022\/08\/Pervan_crop.png); margin-left: auto; margin-right:auto; background-size:cover !important;\"><\/div><div class=\"tmm_textblock\"><div class=\"tmm_names\"><span class=\"tmm_fname\">Marko<\/span> <span class=\"tmm_lname\">Pervan<\/span><\/div><div class=\"tmm_job\">Suradnik na projektu<\/div><div class=\"tmm_desc\" style=\"text-align:\"><p style=\"text-align: center\">mag.ing.geol.<\/p><\/div><div class=\"tmm_scblock\"><a class=\"tmm_sociallink\" href=\"mailto:&#109;&#097;&#114;ko.&#112;e&#114;van&#064;g&#102;&#122;.&#104;r\" title=\"\"><img decoding=\"async\" alt=\"\" src=\"https:\/\/crossnet.potres.hr\/wp-content\/plugins\/team-members\/inc\/img\/links\/email.png\"\/><\/a><a target=\"_blank\" class=\"tmm_sociallink\" href=\"\" title=\"\"><img decoding=\"async\" alt=\"\" src=\"https:\/\/crossnet.potres.hr\/wp-content\/plugins\/team-members\/inc\/img\/links\/linkedin.png\"\/><\/a><\/div><\/div><\/div><span class=\"tmm_two_containers_tablet\"><\/span><div class=\"tmm_member\" style=\"border-top:#1e73be solid 5px;\"><div class=\"tmm_photo tmm_pic_crossnet-team-hrv_8\" style=\"background: url(https:\/\/crossnet.potres.hr\/wp-content\/uploads\/2022\/08\/tremljan_crop.png); margin-left: auto; margin-right:auto; background-size:cover !important;\"><\/div><div class=\"tmm_textblock\"><div class=\"tmm_names\"><span class=\"tmm_fname\">Anamarija<\/span> <span class=\"tmm_lname\">Tremljan Milun<\/span><\/div><div class=\"tmm_job\">Suradnica na projektu<\/div><div class=\"tmm_desc\" style=\"text-align:\"><p style=\"text-align: center\">mag.ing.geol.<\/p><\/div><div class=\"tmm_scblock\"><a class=\"tmm_sociallink\" href=\"mailto:a&#110;am&#097;ri&#106;&#097;.t&#114;&#101;&#109;ljan.mil&#117;&#110;&#064;&#103;&#102;&#122;&#046;&#104;r\" title=\"\"><img decoding=\"async\" alt=\"\" src=\"https:\/\/crossnet.potres.hr\/wp-content\/plugins\/team-members\/inc\/img\/links\/email.png\"\/><\/a><a target=\"_blank\" class=\"tmm_sociallink\" href=\"https:\/\/www.linkedin.com\/in\/anamarijatremljan\/\" title=\"\"><img decoding=\"async\" alt=\"\" src=\"https:\/\/crossnet.potres.hr\/wp-content\/plugins\/team-members\/inc\/img\/links\/linkedin.png\"\/><\/a><a target=\"_blank\" class=\"tmm_sociallink\" href=\"https:\/\/www.researchgate.net\/profile\/Anamarija-Tremljan\" title=\"\"><img decoding=\"async\" alt=\"\" src=\"https:\/\/crossnet.potres.hr\/wp-content\/plugins\/team-members\/inc\/img\/links\/researchgate.png\"\/><\/a><\/div><\/div><\/div><div style=\"clear:both;\"><\/div><\/div><\/div><\/div>\n\n\n\n<hr class=\"wp-block-separator has-alpha-channel-opacity\"\/>\n\n\n\n<h2 class=\"wp-block-heading\">Biv\u0161i suradnici na projektu<\/h2>\n\n\n<div class=\"tmm tmm_bivsi-suradnici-na-projektu\"><div class=\"tmm_3_columns tmm_wrap tmm_plugin_f\"><span class=\"tmm_two_containers_tablet\"><\/span><div class=\"tmm_container\"><div class=\"tmm_member\" style=\"border-top:#333333 solid 5px;\"><div class=\"tmm_photo tmm_pic_bivsi-suradnici-na-projektu_0\" style=\"background: url(https:\/\/crossnet.potres.hr\/wp-content\/uploads\/2022\/08\/Vex_crop.png); margin-left: auto; margin-right:auto; background-size:cover !important;\"><\/div><div class=\"tmm_textblock\"><div class=\"tmm_names\"><span class=\"tmm_fname\">Vedran<\/span> <span class=\"tmm_lname\">Damjanovi\u0107<\/span><\/div><div class=\"tmm_job\">Suradnik na projektu (06\/22 - 07\/24)<\/div><div class=\"tmm_desc\" style=\"text-align:\"><p style=\"text-align: center\">mag.ing.geol.<\/p><\/div><div class=\"tmm_scblock\"><\/div><\/div><\/div><div class=\"tmm_member\" style=\"border-top:#333333 solid 5px;\"><div class=\"tmm_photo tmm_pic_bivsi-suradnici-na-projektu_1\" style=\"background: url(https:\/\/crossnet.potres.hr\/wp-content\/uploads\/2022\/08\/stijepo_Crop2.png); margin-left: auto; margin-right:auto; background-size:cover !important;\"><\/div><div class=\"tmm_textblock\"><div class=\"tmm_names\"><span class=\"tmm_fname\">Stijepo<\/span> <span class=\"tmm_lname\">Grljevi\u0107<\/span><\/div><div class=\"tmm_job\">Suradnik na projektu (08\/22 - 03\/24)<\/div><div class=\"tmm_desc\" style=\"text-align:\"><p style=\"text-align: center\">mag.geol.<\/p><\/div><div class=\"tmm_scblock\"><\/div><\/div><\/div><span class=\"tmm_two_containers_tablet\"><\/span><div class=\"tmm_member\" style=\"border-top:#333333 solid 5px;\"><div class=\"tmm_photo tmm_pic_bivsi-suradnici-na-projektu_2\" style=\"background: url(https:\/\/crossnet.potres.hr\/wp-content\/uploads\/2022\/10\/Marija_crop.jpg); margin-left: auto; margin-right:auto; background-size:cover !important;\"><\/div><div class=\"tmm_textblock\"><div class=\"tmm_names\"><span class=\"tmm_fname\">Marija<\/span> <span class=\"tmm_lname\">Musta\u0107 Br\u010di\u0107<\/span><\/div><div class=\"tmm_job\">Suradnica na projektu (06\/22 - 09\/24)<\/div><div class=\"tmm_desc\" style=\"text-align:\"><p style=\"text-align: center\">dr.sc.<\/p><\/div><div class=\"tmm_scblock\"><\/div><\/div><\/div><\/div><span class=\"tmm_columns_containers_desktop\"><\/span><div class=\"tmm_container\"><div class=\"tmm_member\" style=\"border-top:#333333 solid 5px;\"><div class=\"tmm_photo tmm_pic_bivsi-suradnici-na-projektu_3\" style=\"background: url(https:\/\/crossnet.potres.hr\/wp-content\/uploads\/2022\/10\/InesIvancic.jpeg); margin-left: auto; margin-right:auto; background-size:cover !important;\"><\/div><div class=\"tmm_textblock\"><div class=\"tmm_names\"><span class=\"tmm_fname\">Ines<\/span> <span class=\"tmm_lname\">Ivan\u010di\u0107<\/span><\/div><div class=\"tmm_job\">Suradnica na projektu<\/div><div class=\"tmm_desc\" style=\"text-align:\"><p style=\"text-align: center\">mr.sc.<\/p><\/div><div class=\"tmm_scblock\"><a class=\"tmm_sociallink\" href=\"mailto:i&#105;va&#110;cic&#064;ir&#098;&#046;h&#114;\" title=\"\"><img decoding=\"async\" alt=\"\" src=\"https:\/\/crossnet.potres.hr\/wp-content\/plugins\/team-members\/inc\/img\/links\/email.png\"\/><\/a><a target=\"_blank\" class=\"tmm_sociallink\" href=\"https:\/\/www.linkedin.com\/in\/ines-ivancic-34590127\/\" title=\"\"><img decoding=\"async\" alt=\"\" src=\"https:\/\/crossnet.potres.hr\/wp-content\/plugins\/team-members\/inc\/img\/links\/linkedin.png\"\/><\/a><a target=\"_blank\" class=\"tmm_sociallink\" href=\"https:\/\/www.researchgate.net\/profile\/Ines-Ivancic\" title=\"\"><img decoding=\"async\" alt=\"\" src=\"https:\/\/crossnet.potres.hr\/wp-content\/plugins\/team-members\/inc\/img\/links\/researchgate.png\"\/><\/a><\/div><\/div><\/div><span class=\"tmm_two_containers_tablet\"><\/span><div class=\"tmm_member\" style=\"border-top:#333333 solid 5px;\"><div class=\"tmm_photo tmm_pic_bivsi-suradnici-na-projektu_4\" style=\"background: url(https:\/\/crossnet.potres.hr\/wp-content\/uploads\/2022\/10\/sova_crop_2-scaled.jpg); margin-left: auto; margin-right:auto; background-size:cover !important;\"><\/div><div class=\"tmm_textblock\"><div class=\"tmm_names\"><span class=\"tmm_fname\">Ivica<\/span> <span class=\"tmm_lname\">Sovi\u0107<\/span><\/div><div class=\"tmm_job\">Suradnik na projektu<\/div><div class=\"tmm_desc\" style=\"text-align:\"><p style=\"text-align: center\">dr.sc.<\/p><\/div><div class=\"tmm_scblock\"><a class=\"tmm_sociallink\" href=\"mailto:i&#118;&#105;&#099;a.&#115;&#111;v&#105;&#099;&#064;&#103;f&#122;.h&#114;\" title=\"\"><img decoding=\"async\" alt=\"\" src=\"https:\/\/crossnet.potres.hr\/wp-content\/plugins\/team-members\/inc\/img\/links\/email.png\"\/><\/a><a target=\"_blank\" class=\"tmm_sociallink\" href=\"https:\/\/www.linkedin.com\/in\/ivica-sovi-513158a7\/\" title=\"\"><img decoding=\"async\" alt=\"\" src=\"https:\/\/crossnet.potres.hr\/wp-content\/plugins\/team-members\/inc\/img\/links\/linkedin.png\"\/><\/a><a target=\"_blank\" class=\"tmm_sociallink\" href=\"https:\/\/www.researchgate.net\/profile\/Ivica-Sovic\" title=\"\"><img decoding=\"async\" alt=\"\" src=\"https:\/\/crossnet.potres.hr\/wp-content\/plugins\/team-members\/inc\/img\/links\/researchgate.png\"\/><\/a><\/div><\/div><\/div><div style=\"clear:both;\"><\/div><\/div><\/div><\/div>\n","protected":false},"excerpt":{"rendered":"<p>Biv\u0161i suradnici na projektu<\/p>\n","protected":false},"author":2,"featured_media":0,"parent":0,"menu_order":0,"comment_status":"closed","ping_status":"closed","template":"","meta":{"_editorskit_title_hidden":false,"_editorskit_reading_time":1,"_editorskit_is_block_options_detached":false,"_editorskit_block_options_position":"{}","om_disable_all_campaigns":false,"_monsterinsights_skip_tracking":false,"_monsterinsights_sitenote_active":false,"_monsterinsights_sitenote_note":"","_monsterinsights_sitenote_category":0,"inspiro_hide_title":false,"footnotes":""},"class_list":["post-546","page","type-page","status-publish","hentry"],"aioseo_notices":[],"featured_media_urls":[],"_links":{"self":[{"href":"https:\/\/crossnet.potres.hr\/index.php\/wp-json\/wp\/v2\/pages\/546","targetHints":{"allow":["GET"]}}],"collection":[{"href":"https:\/\/crossnet.potres.hr\/index.php\/wp-json\/wp\/v2\/pages"}],"about":[{"href":"https:\/\/crossnet.potres.hr\/index.php\/wp-json\/wp\/v2\/types\/page"}],"author":[{"embeddable":true,"href":"https:\/\/crossnet.potres.hr\/index.php\/wp-json\/wp\/v2\/users\/2"}],"replies":[{"embeddable":true,"href":"https:\/\/crossnet.potres.hr\/index.php\/wp-json\/wp\/v2\/comments?post=546"}],"version-history":[{"count":3,"href":"https:\/\/crossnet.potres.hr\/index.php\/wp-json\/wp\/v2\/pages\/546\/revisions"}],"predecessor-version":[{"id":2988,"href":"https:\/\/crossnet.potres.hr\/index.php\/wp-json\/wp\/v2\/pages\/546\/revisions\/2988"}],"wp:attachment":[{"href":"https:\/\/crossnet.potres.hr\/index.php\/wp-json\/wp\/v2\/media?parent=546"}],"curies":[{"name":"wp","href":"https:\/\/api.w.org\/{rel}","templated":true}]}}