{"id":284,"date":"2022-08-26T07:34:08","date_gmt":"2022-08-26T07:34:08","guid":{"rendered":"https:\/\/crossnet.potres.hr\/?page_id=284"},"modified":"2022-10-17T10:04:39","modified_gmt":"2022-10-17T10:04:39","slug":"kontakt","status":"publish","type":"page","link":"https:\/\/crossnet.potres.hr\/index.php\/kontakt\/","title":{"rendered":"Kontakt"},"content":{"rendered":"\n<p><strong>SEIZMOLO\u0160KA SLU\u017dBA<\/strong> <strong>RH<\/strong><\/p>\n\n\n\n<p><em>Geofizi\u010dki odsjek<br>Prirodoslovno-matemati\u010dki fakultet<br>Sveu\u010dili\u0161te u Zagrebu, Hrvatska HR 10000 Zagreb, Horvatovac 95<\/em><\/p>\n\n\n\n<p>tel: +385-1-460-5900<br>e-mail: seiszag@gfz.hr<\/p>\n","protected":false},"excerpt":{"rendered":"<p>SEIZMOLO\u0160KA SLU\u017dBA RH Geofizi\u010dki odsjekPrirodoslovno-matemati\u010dki fakultetSveu\u010dili\u0161te u Zagrebu, Hrvatska HR 10000 Zagreb, Horvatovac 95 tel: +385-1-460-5900e-mail: seiszag@gfz.hr<\/p>\n","protected":false},"author":4,"featured_media":0,"parent":0,"menu_order":0,"comment_status":"closed","ping_status":"closed","template":"","meta":{"_editorskit_title_hidden":false,"_editorskit_reading_time":1,"_editorskit_is_block_options_detached":false,"_editorskit_block_options_position":"{}","om_disable_all_campaigns":false,"_monsterinsights_skip_tracking":false,"_monsterinsights_sitenote_active":false,"_monsterinsights_sitenote_note":"","_monsterinsights_sitenote_category":0,"inspiro_hide_title":false,"footnotes":""},"class_list":["post-284","page","type-page","status-publish","hentry"],"aioseo_notices":[],"featured_media_urls":[],"_links":{"self":[{"href":"https:\/\/crossnet.potres.hr\/index.php\/wp-json\/wp\/v2\/pages\/284","targetHints":{"allow":["GET"]}}],"collection":[{"href":"https:\/\/crossnet.potres.hr\/index.php\/wp-json\/wp\/v2\/pages"}],"about":[{"href":"https:\/\/crossnet.potres.hr\/index.php\/wp-json\/wp\/v2\/types\/page"}],"author":[{"embeddable":true,"href":"https:\/\/crossnet.potres.hr\/index.php\/wp-json\/wp\/v2\/users\/4"}],"replies":[{"embeddable":true,"href":"https:\/\/crossnet.potres.hr\/index.php\/wp-json\/wp\/v2\/comments?post=284"}],"version-history":[{"count":4,"href":"https:\/\/crossnet.potres.hr\/index.php\/wp-json\/wp\/v2\/pages\/284\/revisions"}],"predecessor-version":[{"id":519,"href":"https:\/\/crossnet.potres.hr\/index.php\/wp-json\/wp\/v2\/pages\/284\/revisions\/519"}],"wp:attachment":[{"href":"https:\/\/crossnet.potres.hr\/index.php\/wp-json\/wp\/v2\/media?parent=284"}],"curies":[{"name":"wp","href":"https:\/\/api.w.org\/{rel}","templated":true}]}}