{"id":227,"date":"2022-08-25T09:05:44","date_gmt":"2022-08-25T09:05:44","guid":{"rendered":"https:\/\/crossnet.potres.hr\/?page_id=227"},"modified":"2023-10-12T12:56:38","modified_gmt":"2023-10-12T10:56:38","slug":"o-projektu","status":"publish","type":"page","link":"https:\/\/crossnet.potres.hr\/index.php\/o-projektu\/","title":{"rendered":"O projektu"},"content":{"rendered":"\t\t<div data-elementor-type=\"wp-page\" data-elementor-id=\"227\" class=\"elementor elementor-227\">\n\t\t\t\t\t\t<section class=\"elementor-section elementor-top-section elementor-element elementor-element-1f17247a elementor-section-boxed elementor-section-height-default elementor-section-height-default\" data-id=\"1f17247a\" data-element_type=\"section\" data-e-type=\"section\">\n\t\t\t\t\t\t<div class=\"elementor-container elementor-column-gap-default\">\n\t\t\t\t\t<div class=\"elementor-column elementor-col-100 elementor-top-column elementor-element elementor-element-3b3d2682\" data-id=\"3b3d2682\" data-element_type=\"column\" data-e-type=\"column\">\n\t\t\t<div class=\"elementor-widget-wrap elementor-element-populated\">\n\t\t\t\t\t\t<div class=\"elementor-element elementor-element-58ba8510 elementor-widget elementor-widget-text-editor\" data-id=\"58ba8510\" data-element_type=\"widget\" data-e-type=\"widget\" data-widget_type=\"text-editor.default\">\n\t\t\t\t<div class=\"elementor-widget-container\">\n\t\t\t\t\t\t\t\t\t\n<p class=\"has-text-align-justify text allign: justify\">Cilj projekta CROSSNET je ja\u010danje infrastrukturnih i organizacijskih kapaciteta Seizmolo\u0161ke slu\u017ebe radi pove\u0107anja kvalitete prikupljanja, obrade i primjene seizmi\u010dkih podataka potrebnih za proces obnove objekata, planiranje izgradnje novih objekata i pra\u0107enje javne infrastrukture, kao i ja\u010danje otpornosti Hrvatske na potrese i povezane rizike. U sklopu projekta nabavit \u0107e se i oprema za definiranje najboljih lokacija za postavljanje seizmolo\u0161kih postaja. Nakon po\u010detne analize i definiranja pogodnih lokacija, na 95 odabranih bit \u0107e postavljene seizmolo\u0161ke postaje. Instalacijom novih postaja stvorit \u0107e se osnovni preduvjeti za moderno prikupljanje i analizu seizmolo\u0161kih podataka.<\/p>\n\n<p class=\"has-text-align-justify\">Trenutno u Republici Hrvatskoj postoji 17 seizmolo\u0161kih postaja (13 postaja koje se financiraju iz prora\u010duna Republike Hrvatske, te 4 postaje opremljene seizmografima koje je Grad Zagreb dao na kori\u0161tenje Seizmolo\u0161koj slu\u017ebi).<\/p>\n\n<figure class=\"wp-block-image aligncenter size-large is-resized\"><img fetchpriority=\"high\" decoding=\"async\" class=\"wp-image-397\" src=\"https:\/\/crossnet.potres.hr\/wp-content\/uploads\/2022\/09\/Layout2-1-1024x576.jpg\" alt=\"\" width=\"968\" height=\"545\" srcset=\"https:\/\/crossnet.potres.hr\/wp-content\/uploads\/2022\/09\/Layout2-1-1024x576.jpg 1024w, https:\/\/crossnet.potres.hr\/wp-content\/uploads\/2022\/09\/Layout2-1-300x169.jpg 300w, https:\/\/crossnet.potres.hr\/wp-content\/uploads\/2022\/09\/Layout2-1-150x84.jpg 150w, https:\/\/crossnet.potres.hr\/wp-content\/uploads\/2022\/09\/Layout2-1-768x432.jpg 768w, https:\/\/crossnet.potres.hr\/wp-content\/uploads\/2022\/09\/Layout2-1-1536x864.jpg 1536w, https:\/\/crossnet.potres.hr\/wp-content\/uploads\/2022\/09\/Layout2-1-2048x1152.jpg 2048w, https:\/\/crossnet.potres.hr\/wp-content\/uploads\/2022\/09\/Layout2-1-2000x1125.jpg 2000w\" sizes=\"(max-width: 968px) 100vw, 968px\" \/>\n<figcaption class=\"wp-element-caption\"><span style=\"color: #f4f4f4;\">Na slici je prikazana karta trenutno aktivne dr\u017eavne mre\u017ee seizmolo\u0161kih postaja (crvenim trokutima) i mobilne mre\u017ee (plavim trokutima) Seizmolo\u0161ke slu\u017ebe.<\/span><\/figcaption>\n<\/figure>\n\n<p class=\"has-text-align-justify\">Nakon razornog potresa u Petrinji Seizmolo\u0161ka slu\u017eba opremljena je s 20 kompleta mobilnih seizmolo\u0161kih postaja za brzo postavljanje u epicentralna podru\u010dja. Bilo je to prvo ulaganje u seizmolo\u0161ku mre\u017eu u posljednjih 20 godina. Budu\u0107i da se radi o mobilnim, prijenosnim ure\u0111ajima, njihova primarna funkcija je prikupljanje detaljnih informacija iz potresom pogo\u0111enih podru\u010dja radi pra\u0107enja u\u010destalosti i magnitude naknadnih potresa u ve\u0107 pogo\u0111enom podru\u010dju, te se ne mogu smatrati trajnim rje\u0161enjem za utvr\u0111ivanje seizmolo\u0161kih podataka. Slijedom svega navedenog, mo\u017ee se zaklju\u010diti da Hrvatska ima zastarjelu seizmolo\u0161ku mre\u017eu koja nije u skladu sa suvremenim standardima, \u0161to smanjuje mogu\u0107nost pove\u0107anja otpornosti cjelokupnog teritorija Hrvatske na rizike vezane uz seizmi\u010dke aktivnosti, dok \u0107e projekt CROSSNET omogu\u0107iti modernizaciju mre\u017ee te u\u010dinkovitu implementaciju seizmolo\u0161kih podataka.<\/p>\n\t\t\t\t\t\t\t\t<\/div>\n\t\t\t\t<\/div>\n\t\t\t\t\t<\/div>\n\t\t<\/div>\n\t\t\t\t\t<\/div>\n\t\t<\/section>\n\t\t\t\t<\/div>\n\t\t","protected":false},"excerpt":{"rendered":"<p>Cilj projekta CROSSNET je ja\u010danje infrastrukturnih i organizacijskih kapaciteta Seizmolo\u0161ke slu\u017ebe radi pove\u0107anja kvalitete prikupljanja, obrade i primjene seizmi\u010dkih podataka potrebnih za proces obnove objekata, planiranje izgradnje novih objekata i pra\u0107enje javne infrastrukture, kao i ja\u010danje otpornosti Hrvatske na potrese i povezane rizike. U sklopu projekta nabavit \u0107e se i oprema za definiranje najboljih lokacija &hellip; <\/p>\n<p class=\"link-more\"><a href=\"https:\/\/crossnet.potres.hr\/index.php\/o-projektu\/\" class=\"more-link\">Read more<span class=\"screen-reader-text\"> &#8220;O projektu&#8221;<\/span><\/a><\/p>\n","protected":false},"author":4,"featured_media":0,"parent":0,"menu_order":0,"comment_status":"closed","ping_status":"closed","template":"","meta":{"_editorskit_title_hidden":false,"_editorskit_reading_time":1,"_editorskit_is_block_options_detached":false,"_editorskit_block_options_position":"{}","om_disable_all_campaigns":false,"_monsterinsights_skip_tracking":false,"_monsterinsights_sitenote_active":false,"_monsterinsights_sitenote_note":"","_monsterinsights_sitenote_category":0,"inspiro_hide_title":false,"footnotes":""},"class_list":["post-227","page","type-page","status-publish","hentry"],"aioseo_notices":[],"featured_media_urls":[],"_links":{"self":[{"href":"https:\/\/crossnet.potres.hr\/index.php\/wp-json\/wp\/v2\/pages\/227","targetHints":{"allow":["GET"]}}],"collection":[{"href":"https:\/\/crossnet.potres.hr\/index.php\/wp-json\/wp\/v2\/pages"}],"about":[{"href":"https:\/\/crossnet.potres.hr\/index.php\/wp-json\/wp\/v2\/types\/page"}],"author":[{"embeddable":true,"href":"https:\/\/crossnet.potres.hr\/index.php\/wp-json\/wp\/v2\/users\/4"}],"replies":[{"embeddable":true,"href":"https:\/\/crossnet.potres.hr\/index.php\/wp-json\/wp\/v2\/comments?post=227"}],"version-history":[{"count":43,"href":"https:\/\/crossnet.potres.hr\/index.php\/wp-json\/wp\/v2\/pages\/227\/revisions"}],"predecessor-version":[{"id":2469,"href":"https:\/\/crossnet.potres.hr\/index.php\/wp-json\/wp\/v2\/pages\/227\/revisions\/2469"}],"wp:attachment":[{"href":"https:\/\/crossnet.potres.hr\/index.php\/wp-json\/wp\/v2\/media?parent=227"}],"curies":[{"name":"wp","href":"https:\/\/api.w.org\/{rel}","templated":true}]}}